{"id":23,"date":"2022-07-04T08:28:36","date_gmt":"2022-07-04T08:28:36","guid":{"rendered":"https:\/\/www.pepilloretsoprano.com\/?page_id=23"},"modified":"2025-10-15T08:56:37","modified_gmt":"2025-10-15T08:56:37","slug":"biografia","status":"publish","type":"page","link":"https:\/\/www.pepilloretsoprano.com\/index.php\/biografia\/","title":{"rendered":"Biograf\u00eda"},"content":{"rendered":"\t\t<div data-elementor-type=\"wp-page\" data-elementor-id=\"23\" class=\"elementor elementor-23\" data-elementor-post-type=\"page\">\n\t\t\t\t\t\t<section class=\"elementor-section elementor-top-section elementor-element elementor-element-81241c7 elementor-section-full_width elementor-section-height-min-height elementor-section-items-bottom elementor-section-height-default\" data-id=\"81241c7\" data-element_type=\"section\" data-e-type=\"section\" data-settings=\"{&quot;background_background&quot;:&quot;classic&quot;}\">\n\t\t\t\t\t\t<div class=\"elementor-container elementor-column-gap-default\">\n\t\t\t\t\t<div class=\"elementor-column elementor-col-100 elementor-top-column elementor-element elementor-element-1515cb6\" data-id=\"1515cb6\" data-element_type=\"column\" data-e-type=\"column\">\n\t\t\t<div class=\"elementor-widget-wrap elementor-element-populated\">\n\t\t\t\t\t\t<div class=\"elementor-element elementor-element-d7b2898 elementor-widget elementor-widget-heading\" data-id=\"d7b2898\" data-element_type=\"widget\" data-e-type=\"widget\" data-widget_type=\"heading.default\">\n\t\t\t\t<div class=\"elementor-widget-container\">\n\t\t\t\t\t<h2 class=\"elementor-heading-title elementor-size-default\">Biograf\u00eda<\/h2>\t\t\t\t<\/div>\n\t\t\t\t<\/div>\n\t\t\t\t\t<\/div>\n\t\t<\/div>\n\t\t\t\t\t<\/div>\n\t\t<\/section>\n\t\t\t\t<section class=\"elementor-section elementor-top-section elementor-element elementor-element-9ebe649 elementor-section-full_width elementor-section-height-default elementor-section-height-default\" data-id=\"9ebe649\" data-element_type=\"section\" data-e-type=\"section\" data-settings=\"{&quot;background_background&quot;:&quot;classic&quot;}\">\n\t\t\t\t\t\t<div class=\"elementor-container elementor-column-gap-default\">\n\t\t\t\t\t<div class=\"elementor-column elementor-col-100 elementor-top-column elementor-element elementor-element-f108825\" data-id=\"f108825\" data-element_type=\"column\" data-e-type=\"column\">\n\t\t\t<div class=\"elementor-widget-wrap elementor-element-populated\">\n\t\t\t\t\t\t<section class=\"elementor-section elementor-inner-section elementor-element elementor-element-f1681b8 elementor-section-boxed elementor-section-height-default elementor-section-height-default\" data-id=\"f1681b8\" data-element_type=\"section\" data-e-type=\"section\">\n\t\t\t\t\t\t<div class=\"elementor-container elementor-column-gap-default\">\n\t\t\t\t\t<div class=\"elementor-column elementor-col-50 elementor-inner-column elementor-element elementor-element-9c8e426\" data-id=\"9c8e426\" data-element_type=\"column\" data-e-type=\"column\">\n\t\t\t<div class=\"elementor-widget-wrap elementor-element-populated\">\n\t\t\t\t\t\t<div class=\"elementor-element elementor-element-6955b45 elementor-widget elementor-widget-text-editor\" data-id=\"6955b45\" data-element_type=\"widget\" data-e-type=\"widget\" data-widget_type=\"text-editor.default\">\n\t\t\t\t<div class=\"elementor-widget-container\">\n\t\t\t\t\t\t\t\t\t<p class=\"p1\">Nacida en La Vila Joiosa (Alicante), Pepi Lloret ha sido galardonada con el primer premio en el XXXVII Concurso de interpretaci\u00f3n de la Sociedad de Conciertos de Alicante (2022), segundo premio en el Certamen Nacional \u00abVIII Estepona Crea-2022&#8243;as\u00ed como ha sido finalista en el Concurso Internacional de Canto un Futuro de Arte de Medinaceli<span class=\"s1\">, entre otros.<\/span><\/p>\n<p class=\"p1\">Ha protagonizado el estreno absoluto de la zarzuela <i>El<\/i><i> <\/i><i>Carillon<\/i><i> <\/i><i>de<\/i><i> <\/i><i>Brujas<\/i> de A. Wagener en el rol de Margarita. Asimismo, ha debutado diversos roles de \u00f3pera y zarzuela: <i>Vendado amor, no es ciego<\/i> de J. Nebra (Anquises), <i>La chanson de Fortunio<\/i> de J. Offenbach (Laurette), <i>La serva padrona<\/i> de Pergolesi (Serpina), Los Gavilanes (Rosaura) La tabernera del Puerto (Marola), entre otros. En el \u00e1mbito concert\u00edstico, ha interpretado obras como el <i>Mesias<\/i> de G.F. H\u00e4ndel, <i>Requiem<\/i> y <i>Exultate Jubilate<\/i> de W.A. Mozart, <i>Las siete \u00faltimas palabras de Cristo en la cruz<\/i> de J. Haydn, <i>Stabat Mater<\/i> de L. Boccherini, <i>Carmina Burana<\/i> de C. Orff , la <i>Bacchiana brasileira no. 5<\/i> de H. Villalobos o 4\u00aa Sinfon\u00eda de G. Mahler.<\/p>\n<p class=\"p1\">Su gran versatilidad <span class=\"s8\">le<\/span> <span class=\"s8\">permite<\/span> <span class=\"s8\">interpretar<\/span> <span class=\"s8\">repertorios<\/span> <span class=\"s8\">que<\/span> <span class=\"s8\">abarcan<\/span> desde la m\u00fasica renacentista hasta las tendencias actuales.<\/p>\n<p class=\"p1\">Gracias a ello, ha colaborado con grupos de m\u00fasica antigua como Lucentum XVI, Ministriles del Emperador, Ministriles de San Miguel y M\u00fasica Trobada.&nbsp;<\/p>\n<p class=\"p1\">\n<\/p>\t\t\t\t\t\t\t\t<\/div>\n\t\t\t\t<\/div>\n\t\t\t\t\t<\/div>\n\t\t<\/div>\n\t\t\t\t<div class=\"elementor-column elementor-col-50 elementor-inner-column elementor-element elementor-element-0781c2d\" data-id=\"0781c2d\" data-element_type=\"column\" data-e-type=\"column\">\n\t\t\t<div class=\"elementor-widget-wrap elementor-element-populated\">\n\t\t\t\t\t\t<div class=\"elementor-element elementor-element-2964809 elementor-widget elementor-widget-text-editor\" data-id=\"2964809\" data-element_type=\"widget\" data-e-type=\"widget\" data-widget_type=\"text-editor.default\">\n\t\t\t\t<div class=\"elementor-widget-container\">\n\t\t\t\t\t\t\t\t\t<p class=\"p1\">Asimismo, desde 2019 ha colaborado como solista con el Cuarteto Almus, as\u00ed como con el d\u00fao de piano y voz \u201cSoir\u00e9e Musical\u201d, abordando un repertorio que abarca desde el Clasicismo hasta la canci\u00f3n l\u00edrica espa\u00f1ola.<\/p><p class=\"p1\">Ha actuado en importantes Festivales Nacionales e Internacionales, tales como: M\u00fasica contemplativa de Santiago de Compostela, Festival de M\u00fasica Antigua y Barroca de Pe\u00f1\u00edscola, Festival de M\u00fasica Sacra de Benic\u00e0ssim, Festival de Els Pirineus (FEMAP), Monasterio de Pedralbes y Festival Anima Mea (Italia, 2018), entre otros.<\/p><p class=\"p5\">Ha estrenado y grabado en CD diversas obras de compositores espa\u00f1oles entre las que cabe destacar: <i>Tres<\/i><i> <\/i><i>canciones<\/i> de Jimi-Jomo y <i>Diptic<\/i><i> <\/i><i>Estell\u00e9s<\/i> del compositor Joan Alborch.<span class=\"s5\"> Adem\u00e1s, ha protagonizado el estreno y la grabaci\u00f3n de <i>Les quatre estacions<\/i> de Jos\u00e9 R. Villaplana.<span class=\"Apple-converted-space\">\u00a0 <\/span><\/span>Junto a Lucentum XVI ha realizado la grabaci\u00f3n de la recuperaci\u00f3n de <i>El Cantoral del Monestir de Sta. Maria de la Murta d\u2019Alzira. <\/i>Asimismo, particip\u00f3 en la grabaci\u00f3n del disco <i>Ab llic\u00e8ncia o sens ella<\/i> de M\u00fasica Trobada.<\/p><p class=\"p1\">Pepi Lloret, obtiene el T\u00edtulo Superior de canto y el M\u00e1ster en Investigaci\u00f3n e Interpretaci\u00f3n en el Conservatorio Superior de M\u00fasica \u201c\u00d3scar Espl\u00e0\u201d de Alicante.<\/p><p class=\"p1\">\u00a0<\/p>\t\t\t\t\t\t\t\t<\/div>\n\t\t\t\t<\/div>\n\t\t\t\t\t<\/div>\n\t\t<\/div>\n\t\t\t\t\t<\/div>\n\t\t<\/section>\n\t\t\t\t\t<\/div>\n\t\t<\/div>\n\t\t\t\t\t<\/div>\n\t\t<\/section>\n\t\t\t\t<\/div>\n\t\t","protected":false},"excerpt":{"rendered":"<p>Biograf\u00eda Nacida en La Vila Joiosa (Alicante), Pepi Lloret ha sido galardonada con el primer premio en el XXXVII Concurso de interpretaci\u00f3n de la Sociedad de Conciertos de Alicante (2022), segundo premio en el Certamen Nacional \u00abVIII Estepona Crea-2022&#8243;as\u00ed como ha sido finalista en el Concurso Internacional de Canto un Futuro de Arte de Medinaceli, [&hellip;]<\/p>\n","protected":false},"author":1,"featured_media":0,"parent":0,"menu_order":0,"comment_status":"closed","ping_status":"closed","template":"","meta":{"footnotes":""},"class_list":["post-23","page","type-page","status-publish","hentry"],"yoast_head":"<!-- This site is optimized with the Yoast SEO plugin v27.3 - https:\/\/yoast.com\/product\/yoast-seo-wordpress\/ -->\n<title>Biograf\u00eda - Pepi Lloret Soprano<\/title>\n<meta name=\"robots\" content=\"index, follow, max-snippet:-1, max-image-preview:large, max-video-preview:-1\" \/>\n<link rel=\"canonical\" href=\"https:\/\/www.pepilloretsoprano.com\/index.php\/biografia\/\" \/>\n<meta property=\"og:locale\" content=\"es_ES\" \/>\n<meta property=\"og:type\" content=\"article\" \/>\n<meta property=\"og:title\" content=\"Biograf\u00eda - Pepi Lloret Soprano\" \/>\n<meta property=\"og:description\" content=\"Biograf\u00eda Nacida en La Vila Joiosa (Alicante), Pepi Lloret ha sido galardonada con el primer premio en el XXXVII Concurso de interpretaci\u00f3n de la Sociedad de Conciertos de Alicante (2022), segundo premio en el Certamen Nacional \u00abVIII Estepona Crea-2022&#8243;as\u00ed como ha sido finalista en el Concurso Internacional de Canto un Futuro de Arte de Medinaceli, [&hellip;]\" \/>\n<meta property=\"og:url\" content=\"https:\/\/www.pepilloretsoprano.com\/index.php\/biografia\/\" \/>\n<meta property=\"og:site_name\" content=\"Pepi Lloret Soprano\" \/>\n<meta property=\"article:modified_time\" content=\"2025-10-15T08:56:37+00:00\" \/>\n<meta name=\"twitter:card\" content=\"summary_large_image\" \/>\n<meta name=\"twitter:label1\" content=\"Tiempo de lectura\" \/>\n\t<meta name=\"twitter:data1\" content=\"2 minutos\" \/>\n<script type=\"application\/ld+json\" class=\"yoast-schema-graph\">{\"@context\":\"https:\\\/\\\/schema.org\",\"@graph\":[{\"@type\":\"WebPage\",\"@id\":\"https:\\\/\\\/www.pepilloretsoprano.com\\\/index.php\\\/biografia\\\/\",\"url\":\"https:\\\/\\\/www.pepilloretsoprano.com\\\/index.php\\\/biografia\\\/\",\"name\":\"Biograf\u00eda - Pepi Lloret Soprano\",\"isPartOf\":{\"@id\":\"https:\\\/\\\/www.pepilloretsoprano.com\\\/#website\"},\"datePublished\":\"2022-07-04T08:28:36+00:00\",\"dateModified\":\"2025-10-15T08:56:37+00:00\",\"breadcrumb\":{\"@id\":\"https:\\\/\\\/www.pepilloretsoprano.com\\\/index.php\\\/biografia\\\/#breadcrumb\"},\"inLanguage\":\"es\",\"potentialAction\":[{\"@type\":\"ReadAction\",\"target\":[\"https:\\\/\\\/www.pepilloretsoprano.com\\\/index.php\\\/biografia\\\/\"]}]},{\"@type\":\"BreadcrumbList\",\"@id\":\"https:\\\/\\\/www.pepilloretsoprano.com\\\/index.php\\\/biografia\\\/#breadcrumb\",\"itemListElement\":[{\"@type\":\"ListItem\",\"position\":1,\"name\":\"Portada\",\"item\":\"https:\\\/\\\/www.pepilloretsoprano.com\\\/\"},{\"@type\":\"ListItem\",\"position\":2,\"name\":\"Biograf\u00eda\"}]},{\"@type\":\"WebSite\",\"@id\":\"https:\\\/\\\/www.pepilloretsoprano.com\\\/#website\",\"url\":\"https:\\\/\\\/www.pepilloretsoprano.com\\\/\",\"name\":\"Pepi Lloret Soprano\",\"description\":\"Cantante Soprano\",\"publisher\":{\"@id\":\"https:\\\/\\\/www.pepilloretsoprano.com\\\/#organization\"},\"potentialAction\":[{\"@type\":\"SearchAction\",\"target\":{\"@type\":\"EntryPoint\",\"urlTemplate\":\"https:\\\/\\\/www.pepilloretsoprano.com\\\/?s={search_term_string}\"},\"query-input\":{\"@type\":\"PropertyValueSpecification\",\"valueRequired\":true,\"valueName\":\"search_term_string\"}}],\"inLanguage\":\"es\"},{\"@type\":\"Organization\",\"@id\":\"https:\\\/\\\/www.pepilloretsoprano.com\\\/#organization\",\"name\":\"Pepi Lloret Soprano\",\"url\":\"https:\\\/\\\/www.pepilloretsoprano.com\\\/\",\"logo\":{\"@type\":\"ImageObject\",\"inLanguage\":\"es\",\"@id\":\"https:\\\/\\\/www.pepilloretsoprano.com\\\/#\\\/schema\\\/logo\\\/image\\\/\",\"url\":\"https:\\\/\\\/www.pepilloretsoprano.com\\\/wp-content\\\/uploads\\\/2022\\\/07\\\/cropped-lgoo_Mesa-de-trabajo-1.png\",\"contentUrl\":\"https:\\\/\\\/www.pepilloretsoprano.com\\\/wp-content\\\/uploads\\\/2022\\\/07\\\/cropped-lgoo_Mesa-de-trabajo-1.png\",\"width\":1251,\"height\":417,\"caption\":\"Pepi Lloret Soprano\"},\"image\":{\"@id\":\"https:\\\/\\\/www.pepilloretsoprano.com\\\/#\\\/schema\\\/logo\\\/image\\\/\"}}]}<\/script>\n<!-- \/ Yoast SEO plugin. -->","yoast_head_json":{"title":"Biograf\u00eda - Pepi Lloret Soprano","robots":{"index":"index","follow":"follow","max-snippet":"max-snippet:-1","max-image-preview":"max-image-preview:large","max-video-preview":"max-video-preview:-1"},"canonical":"https:\/\/www.pepilloretsoprano.com\/index.php\/biografia\/","og_locale":"es_ES","og_type":"article","og_title":"Biograf\u00eda - Pepi Lloret Soprano","og_description":"Biograf\u00eda Nacida en La Vila Joiosa (Alicante), Pepi Lloret ha sido galardonada con el primer premio en el XXXVII Concurso de interpretaci\u00f3n de la Sociedad de Conciertos de Alicante (2022), segundo premio en el Certamen Nacional \u00abVIII Estepona Crea-2022&#8243;as\u00ed como ha sido finalista en el Concurso Internacional de Canto un Futuro de Arte de Medinaceli, [&hellip;]","og_url":"https:\/\/www.pepilloretsoprano.com\/index.php\/biografia\/","og_site_name":"Pepi Lloret Soprano","article_modified_time":"2025-10-15T08:56:37+00:00","twitter_card":"summary_large_image","twitter_misc":{"Tiempo de lectura":"2 minutos"},"schema":{"@context":"https:\/\/schema.org","@graph":[{"@type":"WebPage","@id":"https:\/\/www.pepilloretsoprano.com\/index.php\/biografia\/","url":"https:\/\/www.pepilloretsoprano.com\/index.php\/biografia\/","name":"Biograf\u00eda - Pepi Lloret Soprano","isPartOf":{"@id":"https:\/\/www.pepilloretsoprano.com\/#website"},"datePublished":"2022-07-04T08:28:36+00:00","dateModified":"2025-10-15T08:56:37+00:00","breadcrumb":{"@id":"https:\/\/www.pepilloretsoprano.com\/index.php\/biografia\/#breadcrumb"},"inLanguage":"es","potentialAction":[{"@type":"ReadAction","target":["https:\/\/www.pepilloretsoprano.com\/index.php\/biografia\/"]}]},{"@type":"BreadcrumbList","@id":"https:\/\/www.pepilloretsoprano.com\/index.php\/biografia\/#breadcrumb","itemListElement":[{"@type":"ListItem","position":1,"name":"Portada","item":"https:\/\/www.pepilloretsoprano.com\/"},{"@type":"ListItem","position":2,"name":"Biograf\u00eda"}]},{"@type":"WebSite","@id":"https:\/\/www.pepilloretsoprano.com\/#website","url":"https:\/\/www.pepilloretsoprano.com\/","name":"Pepi Lloret Soprano","description":"Cantante Soprano","publisher":{"@id":"https:\/\/www.pepilloretsoprano.com\/#organization"},"potentialAction":[{"@type":"SearchAction","target":{"@type":"EntryPoint","urlTemplate":"https:\/\/www.pepilloretsoprano.com\/?s={search_term_string}"},"query-input":{"@type":"PropertyValueSpecification","valueRequired":true,"valueName":"search_term_string"}}],"inLanguage":"es"},{"@type":"Organization","@id":"https:\/\/www.pepilloretsoprano.com\/#organization","name":"Pepi Lloret Soprano","url":"https:\/\/www.pepilloretsoprano.com\/","logo":{"@type":"ImageObject","inLanguage":"es","@id":"https:\/\/www.pepilloretsoprano.com\/#\/schema\/logo\/image\/","url":"https:\/\/www.pepilloretsoprano.com\/wp-content\/uploads\/2022\/07\/cropped-lgoo_Mesa-de-trabajo-1.png","contentUrl":"https:\/\/www.pepilloretsoprano.com\/wp-content\/uploads\/2022\/07\/cropped-lgoo_Mesa-de-trabajo-1.png","width":1251,"height":417,"caption":"Pepi Lloret Soprano"},"image":{"@id":"https:\/\/www.pepilloretsoprano.com\/#\/schema\/logo\/image\/"}}]}},"_links":{"self":[{"href":"https:\/\/www.pepilloretsoprano.com\/index.php\/wp-json\/wp\/v2\/pages\/23","targetHints":{"allow":["GET"]}}],"collection":[{"href":"https:\/\/www.pepilloretsoprano.com\/index.php\/wp-json\/wp\/v2\/pages"}],"about":[{"href":"https:\/\/www.pepilloretsoprano.com\/index.php\/wp-json\/wp\/v2\/types\/page"}],"author":[{"embeddable":true,"href":"https:\/\/www.pepilloretsoprano.com\/index.php\/wp-json\/wp\/v2\/users\/1"}],"replies":[{"embeddable":true,"href":"https:\/\/www.pepilloretsoprano.com\/index.php\/wp-json\/wp\/v2\/comments?post=23"}],"version-history":[{"count":61,"href":"https:\/\/www.pepilloretsoprano.com\/index.php\/wp-json\/wp\/v2\/pages\/23\/revisions"}],"predecessor-version":[{"id":1327,"href":"https:\/\/www.pepilloretsoprano.com\/index.php\/wp-json\/wp\/v2\/pages\/23\/revisions\/1327"}],"wp:attachment":[{"href":"https:\/\/www.pepilloretsoprano.com\/index.php\/wp-json\/wp\/v2\/media?parent=23"}],"curies":[{"name":"wp","href":"https:\/\/api.w.org\/{rel}","templated":true}]}}