{"id":28,"date":"2022-07-04T08:28:59","date_gmt":"2022-07-04T08:28:59","guid":{"rendered":"https:\/\/www.pepilloretsoprano.com\/?page_id=28"},"modified":"2022-07-06T10:03:00","modified_gmt":"2022-07-06T10:03:00","slug":"noticias","status":"publish","type":"page","link":"https:\/\/www.pepilloretsoprano.com\/index.php\/noticias\/","title":{"rendered":"Noticias"},"content":{"rendered":"\t\t<div data-elementor-type=\"wp-page\" data-elementor-id=\"28\" class=\"elementor elementor-28\" data-elementor-post-type=\"page\">\n\t\t\t\t\t\t<section class=\"elementor-section elementor-top-section elementor-element elementor-element-7c9921f2 elementor-section-full_width elementor-section-height-min-height elementor-section-items-bottom elementor-section-height-default\" data-id=\"7c9921f2\" data-element_type=\"section\" data-e-type=\"section\" data-settings=\"{&quot;background_background&quot;:&quot;classic&quot;}\">\n\t\t\t\t\t\t<div class=\"elementor-container elementor-column-gap-default\">\n\t\t\t\t\t<div class=\"elementor-column elementor-col-100 elementor-top-column elementor-element elementor-element-5b6473f8\" data-id=\"5b6473f8\" data-element_type=\"column\" data-e-type=\"column\">\n\t\t\t<div class=\"elementor-widget-wrap elementor-element-populated\">\n\t\t\t\t\t\t<div class=\"elementor-element elementor-element-24e710aa elementor-widget elementor-widget-heading\" data-id=\"24e710aa\" data-element_type=\"widget\" data-e-type=\"widget\" data-widget_type=\"heading.default\">\n\t\t\t\t<div class=\"elementor-widget-container\">\n\t\t\t\t\t<h2 class=\"elementor-heading-title elementor-size-default\">Noticias<\/h2>\t\t\t\t<\/div>\n\t\t\t\t<\/div>\n\t\t\t\t\t<\/div>\n\t\t<\/div>\n\t\t\t\t\t<\/div>\n\t\t<\/section>\n\t\t\t\t<section class=\"elementor-section elementor-top-section elementor-element elementor-element-4c213b95 elementor-section-full_width elementor-section-height-default elementor-section-height-default\" data-id=\"4c213b95\" data-element_type=\"section\" data-e-type=\"section\" data-settings=\"{&quot;background_background&quot;:&quot;classic&quot;}\">\n\t\t\t\t\t\t<div class=\"elementor-container elementor-column-gap-default\">\n\t\t\t\t\t<div class=\"elementor-column elementor-col-100 elementor-top-column elementor-element elementor-element-645cc570\" data-id=\"645cc570\" data-element_type=\"column\" data-e-type=\"column\" data-settings=\"{&quot;background_background&quot;:&quot;classic&quot;}\">\n\t\t\t<div class=\"elementor-widget-wrap elementor-element-populated\">\n\t\t\t\t\t\t<section class=\"elementor-section elementor-inner-section elementor-element elementor-element-7eef593d elementor-section-boxed elementor-section-height-default elementor-section-height-default\" data-id=\"7eef593d\" data-element_type=\"section\" data-e-type=\"section\">\n\t\t\t\t\t\t<div class=\"elementor-container elementor-column-gap-default\">\n\t\t\t\t\t<div class=\"elementor-column elementor-col-100 elementor-inner-column elementor-element elementor-element-15517215\" data-id=\"15517215\" data-element_type=\"column\" data-e-type=\"column\">\n\t\t\t<div class=\"elementor-widget-wrap elementor-element-populated\">\n\t\t\t\t\t\t<div class=\"elementor-element elementor-element-762b81a0 elementor-posts--align-left elementor-grid-3 elementor-grid-tablet-2 elementor-grid-mobile-1 elementor-posts--thumbnail-top elementor-widget elementor-widget-posts\" data-id=\"762b81a0\" data-element_type=\"widget\" data-e-type=\"widget\" data-settings=\"{&quot;classic_row_gap&quot;:{&quot;unit&quot;:&quot;px&quot;,&quot;size&quot;:15,&quot;sizes&quot;:[]},&quot;classic_columns&quot;:&quot;3&quot;,&quot;classic_columns_tablet&quot;:&quot;2&quot;,&quot;classic_columns_mobile&quot;:&quot;1&quot;,&quot;classic_row_gap_tablet&quot;:{&quot;unit&quot;:&quot;px&quot;,&quot;size&quot;:&quot;&quot;,&quot;sizes&quot;:[]},&quot;classic_row_gap_mobile&quot;:{&quot;unit&quot;:&quot;px&quot;,&quot;size&quot;:&quot;&quot;,&quot;sizes&quot;:[]}}\" data-widget_type=\"posts.classic\">\n\t\t\t\t<div class=\"elementor-widget-container\">\n\t\t\t\t\t\t\t<div class=\"elementor-posts-container elementor-posts elementor-posts--skin-classic elementor-grid\" role=\"list\">\n\t\t\t\t<article class=\"elementor-post elementor-grid-item post-794 post type-post status-publish format-standard has-post-thumbnail hentry category-uncategorized\" role=\"listitem\">\n\t\t\t\t<a class=\"elementor-post__thumbnail__link\" href=\"https:\/\/www.pepilloretsoprano.com\/index.php\/2022\/07\/06\/lucentum-xvi-presenta-obras-ineditas-del-libro-de-coro-del-monasterio-de-santa-maria-de-la-murta-de-alcira\/\" tabindex=\"-1\" >\n\t\t\t<div class=\"elementor-post__thumbnail\"><img decoding=\"async\" width=\"300\" height=\"151\" src=\"https:\/\/www.pepilloretsoprano.com\/wp-content\/uploads\/2022\/07\/Lucentum-XVI-300x151.jpeg\" class=\"attachment-medium size-medium wp-image-792\" alt=\"\" srcset=\"https:\/\/www.pepilloretsoprano.com\/wp-content\/uploads\/2022\/07\/Lucentum-XVI-300x151.jpeg 300w, https:\/\/www.pepilloretsoprano.com\/wp-content\/uploads\/2022\/07\/Lucentum-XVI-1024x514.jpeg 1024w, https:\/\/www.pepilloretsoprano.com\/wp-content\/uploads\/2022\/07\/Lucentum-XVI-768x385.jpeg 768w, https:\/\/www.pepilloretsoprano.com\/wp-content\/uploads\/2022\/07\/Lucentum-XVI.jpeg 1030w\" sizes=\"(max-width: 300px) 100vw, 300px\" \/><\/div>\n\t\t<\/a>\n\t\t\t\t<div class=\"elementor-post__text\">\n\t\t\t\t<h3 class=\"elementor-post__title\">\n\t\t\t<a href=\"https:\/\/www.pepilloretsoprano.com\/index.php\/2022\/07\/06\/lucentum-xvi-presenta-obras-ineditas-del-libro-de-coro-del-monasterio-de-santa-maria-de-la-murta-de-alcira\/\" >\n\t\t\t\tLucentum XVI presenta obras in\u00e9ditas del libro de coro del Monasterio de Santa Mar\u00eda de La Murta de Alcira\t\t\t<\/a>\n\t\t<\/h3>\n\t\t\t\t<div class=\"elementor-post__excerpt\">\n\t\t\t<p>Lucentum XVI, la formaci\u00f3n alicantina especializada en m\u00fasica del Renacimiento que dirige Pere Saragossa, acaba de publicar un disco en el sello Musi\u00e8poca con obras<\/p>\n\t\t<\/div>\n\t\t\t\t\t<div class=\"elementor-post__read-more-wrapper\">\n\t\t\n\t\t<a class=\"elementor-post__read-more\" href=\"https:\/\/www.pepilloretsoprano.com\/index.php\/2022\/07\/06\/lucentum-xvi-presenta-obras-ineditas-del-libro-de-coro-del-monasterio-de-santa-maria-de-la-murta-de-alcira\/\" aria-label=\"M\u00e1s informaci\u00f3n sobre Lucentum XVI presenta obras in\u00e9ditas del libro de coro del Monasterio de Santa Mar\u00eda de La Murta de Alcira\" tabindex=\"-1\" >\n\t\t\tLeer m\u00e1s\t\t<\/a>\n\n\t\t\t\t\t<\/div>\n\t\t\t\t<\/div>\n\t\t\t\t<\/article>\n\t\t\t\t<article class=\"elementor-post elementor-grid-item post-412 post type-post status-publish format-standard has-post-thumbnail hentry category-uncategorized\" role=\"listitem\">\n\t\t\t\t<a class=\"elementor-post__thumbnail__link\" href=\"https:\/\/www.pepilloretsoprano.com\/index.php\/2022\/07\/04\/interpretacion-de-la-serva-padrona-para-iniciar-el-ano-en-elche\/\" tabindex=\"-1\" >\n\t\t\t<div class=\"elementor-post__thumbnail\"><img fetchpriority=\"high\" decoding=\"async\" width=\"300\" height=\"169\" src=\"https:\/\/www.pepilloretsoprano.com\/wp-content\/uploads\/2022\/07\/d1699364-079d-4ef3-ba08-b85016ab13c4_16-9-discover-aspect-ratio_default_0-300x169.jpeg\" class=\"attachment-medium size-medium wp-image-311\" alt=\"\" srcset=\"https:\/\/www.pepilloretsoprano.com\/wp-content\/uploads\/2022\/07\/d1699364-079d-4ef3-ba08-b85016ab13c4_16-9-discover-aspect-ratio_default_0-300x169.jpeg 300w, https:\/\/www.pepilloretsoprano.com\/wp-content\/uploads\/2022\/07\/d1699364-079d-4ef3-ba08-b85016ab13c4_16-9-discover-aspect-ratio_default_0-1024x576.jpeg 1024w, https:\/\/www.pepilloretsoprano.com\/wp-content\/uploads\/2022\/07\/d1699364-079d-4ef3-ba08-b85016ab13c4_16-9-discover-aspect-ratio_default_0-768x432.jpeg 768w, https:\/\/www.pepilloretsoprano.com\/wp-content\/uploads\/2022\/07\/d1699364-079d-4ef3-ba08-b85016ab13c4_16-9-discover-aspect-ratio_default_0.jpeg 1200w\" sizes=\"(max-width: 300px) 100vw, 300px\" \/><\/div>\n\t\t<\/a>\n\t\t\t\t<div class=\"elementor-post__text\">\n\t\t\t\t<h3 class=\"elementor-post__title\">\n\t\t\t<a href=\"https:\/\/www.pepilloretsoprano.com\/index.php\/2022\/07\/04\/interpretacion-de-la-serva-padrona-para-iniciar-el-ano-en-elche\/\" >\n\t\t\t\tInterpretaci\u00f3n de \u201cLa Serva Padrona\u201d para iniciar el a\u00f1o en Elche\t\t\t<\/a>\n\t\t<\/h3>\n\t\t\t\t<div class=\"elementor-post__excerpt\">\n\t\t\t<p>Peri\u00f3dico informaci\u00f3n La Orquesta Sinf\u00f3nica de la Ciudad de Elche y el director titular Mihnea Ignat cada A\u00f1o Nuevo ofrecen un programa notable, ambicioso e<\/p>\n\t\t<\/div>\n\t\t\t\t\t<div class=\"elementor-post__read-more-wrapper\">\n\t\t\n\t\t<a class=\"elementor-post__read-more\" href=\"https:\/\/www.pepilloretsoprano.com\/index.php\/2022\/07\/04\/interpretacion-de-la-serva-padrona-para-iniciar-el-ano-en-elche\/\" aria-label=\"M\u00e1s informaci\u00f3n sobre Interpretaci\u00f3n de \u201cLa Serva Padrona\u201d para iniciar el a\u00f1o en Elche\" tabindex=\"-1\" >\n\t\t\tLeer m\u00e1s\t\t<\/a>\n\n\t\t\t\t\t<\/div>\n\t\t\t\t<\/div>\n\t\t\t\t<\/article>\n\t\t\t\t<article class=\"elementor-post elementor-grid-item post-411 post type-post status-publish format-standard has-post-thumbnail hentry category-uncategorized\" role=\"listitem\">\n\t\t\t\t<a class=\"elementor-post__thumbnail__link\" href=\"https:\/\/www.pepilloretsoprano.com\/index.php\/2022\/07\/04\/pepi-lloret-gana-el-premio-de-interpretacion-sociedad-de-conciertos-de-alicante\/\" tabindex=\"-1\" >\n\t\t\t<div class=\"elementor-post__thumbnail\"><img decoding=\"async\" width=\"300\" height=\"169\" src=\"https:\/\/www.pepilloretsoprano.com\/wp-content\/uploads\/2022\/07\/e41c6c87-9fb5-4623-b10f-2a570c747e8c_16-9-discover-aspect-ratio_default_0-300x169.jpeg\" class=\"attachment-medium size-medium wp-image-310\" alt=\"\" srcset=\"https:\/\/www.pepilloretsoprano.com\/wp-content\/uploads\/2022\/07\/e41c6c87-9fb5-4623-b10f-2a570c747e8c_16-9-discover-aspect-ratio_default_0-300x169.jpeg 300w, https:\/\/www.pepilloretsoprano.com\/wp-content\/uploads\/2022\/07\/e41c6c87-9fb5-4623-b10f-2a570c747e8c_16-9-discover-aspect-ratio_default_0-1024x576.jpeg 1024w, https:\/\/www.pepilloretsoprano.com\/wp-content\/uploads\/2022\/07\/e41c6c87-9fb5-4623-b10f-2a570c747e8c_16-9-discover-aspect-ratio_default_0-768x432.jpeg 768w, https:\/\/www.pepilloretsoprano.com\/wp-content\/uploads\/2022\/07\/e41c6c87-9fb5-4623-b10f-2a570c747e8c_16-9-discover-aspect-ratio_default_0.jpeg 1200w\" sizes=\"(max-width: 300px) 100vw, 300px\" \/><\/div>\n\t\t<\/a>\n\t\t\t\t<div class=\"elementor-post__text\">\n\t\t\t\t<h3 class=\"elementor-post__title\">\n\t\t\t<a href=\"https:\/\/www.pepilloretsoprano.com\/index.php\/2022\/07\/04\/pepi-lloret-gana-el-premio-de-interpretacion-sociedad-de-conciertos-de-alicante\/\" >\n\t\t\t\tPepi Lloret gana el Premio de interpretaci\u00f3n Sociedad de Conciertos de Alicante\t\t\t<\/a>\n\t\t<\/h3>\n\t\t\t\t<div class=\"elementor-post__excerpt\">\n\t\t\t<p>La soprano recibe 3.000 euros y ofrecer\u00e1 un recital dentro de la programaci\u00f3n de esta entidad cultural La soprano Pepi Lloret ha sido la ganadora<\/p>\n\t\t<\/div>\n\t\t\t\t\t<div class=\"elementor-post__read-more-wrapper\">\n\t\t\n\t\t<a class=\"elementor-post__read-more\" href=\"https:\/\/www.pepilloretsoprano.com\/index.php\/2022\/07\/04\/pepi-lloret-gana-el-premio-de-interpretacion-sociedad-de-conciertos-de-alicante\/\" aria-label=\"M\u00e1s informaci\u00f3n sobre Pepi Lloret gana el Premio de interpretaci\u00f3n Sociedad de Conciertos de Alicante\" tabindex=\"-1\" >\n\t\t\tLeer m\u00e1s\t\t<\/a>\n\n\t\t\t\t\t<\/div>\n\t\t\t\t<\/div>\n\t\t\t\t<\/article>\n\t\t\t\t<article class=\"elementor-post elementor-grid-item post-371 post type-post status-publish format-standard has-post-thumbnail hentry category-uncategorized\" role=\"listitem\">\n\t\t\t\t<a class=\"elementor-post__thumbnail__link\" href=\"https:\/\/www.pepilloretsoprano.com\/index.php\/2022\/07\/04\/pepi-lloret-una-voz-con-mucho-futuro\/\" tabindex=\"-1\" >\n\t\t\t<div class=\"elementor-post__thumbnail\"><img loading=\"lazy\" decoding=\"async\" width=\"300\" height=\"157\" src=\"https:\/\/www.pepilloretsoprano.com\/wp-content\/uploads\/2022\/07\/89-300x157.jpg\" class=\"attachment-medium size-medium wp-image-293\" alt=\"\" srcset=\"https:\/\/www.pepilloretsoprano.com\/wp-content\/uploads\/2022\/07\/89-300x157.jpg 300w, https:\/\/www.pepilloretsoprano.com\/wp-content\/uploads\/2022\/07\/89-1024x536.jpg 1024w, https:\/\/www.pepilloretsoprano.com\/wp-content\/uploads\/2022\/07\/89-768x402.jpg 768w, https:\/\/www.pepilloretsoprano.com\/wp-content\/uploads\/2022\/07\/89.jpg 1200w\" sizes=\"(max-width: 300px) 100vw, 300px\" \/><\/div>\n\t\t<\/a>\n\t\t\t\t<div class=\"elementor-post__text\">\n\t\t\t\t<h3 class=\"elementor-post__title\">\n\t\t\t<a href=\"https:\/\/www.pepilloretsoprano.com\/index.php\/2022\/07\/04\/pepi-lloret-una-voz-con-mucho-futuro\/\" >\n\t\t\t\tPepi Lloret, una voz con mucho futuro\ufffc\t\t\t<\/a>\n\t\t<\/h3>\n\t\t\t\t<div class=\"elementor-post__excerpt\">\n\t\t\t<p>sociedad de conciertos La soprano Pepi Lloret, ganadora de la XXXVII Edici\u00f3n del\u00a0Premio de Interpretaci\u00f3n\u00a0Sociedad de Conciertos de Alicante\u00a0\u2013\u00a0Oftalvist, ha dado muestras de la extraordinaria<\/p>\n\t\t<\/div>\n\t\t\t\t\t<div class=\"elementor-post__read-more-wrapper\">\n\t\t\n\t\t<a class=\"elementor-post__read-more\" href=\"https:\/\/www.pepilloretsoprano.com\/index.php\/2022\/07\/04\/pepi-lloret-una-voz-con-mucho-futuro\/\" aria-label=\"M\u00e1s informaci\u00f3n sobre Pepi Lloret, una voz con mucho futuro\ufffc\" tabindex=\"-1\" >\n\t\t\tLeer m\u00e1s\t\t<\/a>\n\n\t\t\t\t\t<\/div>\n\t\t\t\t<\/div>\n\t\t\t\t<\/article>\n\t\t\t\t<\/div>\n\t\t\n\t\t\t\t\t\t<\/div>\n\t\t\t\t<\/div>\n\t\t\t\t\t<\/div>\n\t\t<\/div>\n\t\t\t\t\t<\/div>\n\t\t<\/section>\n\t\t\t\t\t<\/div>\n\t\t<\/div>\n\t\t\t\t\t<\/div>\n\t\t<\/section>\n\t\t\t\t<\/div>\n\t\t","protected":false},"excerpt":{"rendered":"<p>Noticias<\/p>\n","protected":false},"author":1,"featured_media":0,"parent":0,"menu_order":0,"comment_status":"closed","ping_status":"closed","template":"","meta":{"footnotes":""},"class_list":["post-28","page","type-page","status-publish","hentry"],"yoast_head":"<!-- This site is optimized with the Yoast SEO plugin v27.3 - https:\/\/yoast.com\/product\/yoast-seo-wordpress\/ -->\n<title>Noticias - Pepi Lloret Soprano<\/title>\n<meta name=\"robots\" content=\"index, follow, max-snippet:-1, max-image-preview:large, max-video-preview:-1\" \/>\n<link rel=\"canonical\" href=\"https:\/\/www.pepilloretsoprano.com\/index.php\/noticias\/\" \/>\n<meta property=\"og:locale\" content=\"es_ES\" \/>\n<meta property=\"og:type\" content=\"article\" \/>\n<meta property=\"og:title\" content=\"Noticias - Pepi Lloret Soprano\" \/>\n<meta property=\"og:description\" content=\"Noticias\" \/>\n<meta property=\"og:url\" content=\"https:\/\/www.pepilloretsoprano.com\/index.php\/noticias\/\" \/>\n<meta property=\"og:site_name\" content=\"Pepi Lloret Soprano\" \/>\n<meta property=\"article:modified_time\" content=\"2022-07-06T10:03:00+00:00\" \/>\n<meta name=\"twitter:card\" content=\"summary_large_image\" \/>\n<script type=\"application\/ld+json\" class=\"yoast-schema-graph\">{\"@context\":\"https:\\\/\\\/schema.org\",\"@graph\":[{\"@type\":\"WebPage\",\"@id\":\"https:\\\/\\\/www.pepilloretsoprano.com\\\/index.php\\\/noticias\\\/\",\"url\":\"https:\\\/\\\/www.pepilloretsoprano.com\\\/index.php\\\/noticias\\\/\",\"name\":\"Noticias - Pepi Lloret Soprano\",\"isPartOf\":{\"@id\":\"https:\\\/\\\/www.pepilloretsoprano.com\\\/#website\"},\"datePublished\":\"2022-07-04T08:28:59+00:00\",\"dateModified\":\"2022-07-06T10:03:00+00:00\",\"breadcrumb\":{\"@id\":\"https:\\\/\\\/www.pepilloretsoprano.com\\\/index.php\\\/noticias\\\/#breadcrumb\"},\"inLanguage\":\"es\",\"potentialAction\":[{\"@type\":\"ReadAction\",\"target\":[\"https:\\\/\\\/www.pepilloretsoprano.com\\\/index.php\\\/noticias\\\/\"]}]},{\"@type\":\"BreadcrumbList\",\"@id\":\"https:\\\/\\\/www.pepilloretsoprano.com\\\/index.php\\\/noticias\\\/#breadcrumb\",\"itemListElement\":[{\"@type\":\"ListItem\",\"position\":1,\"name\":\"Portada\",\"item\":\"https:\\\/\\\/www.pepilloretsoprano.com\\\/\"},{\"@type\":\"ListItem\",\"position\":2,\"name\":\"Noticias\"}]},{\"@type\":\"WebSite\",\"@id\":\"https:\\\/\\\/www.pepilloretsoprano.com\\\/#website\",\"url\":\"https:\\\/\\\/www.pepilloretsoprano.com\\\/\",\"name\":\"Pepi Lloret Soprano\",\"description\":\"Cantante Soprano\",\"publisher\":{\"@id\":\"https:\\\/\\\/www.pepilloretsoprano.com\\\/#organization\"},\"potentialAction\":[{\"@type\":\"SearchAction\",\"target\":{\"@type\":\"EntryPoint\",\"urlTemplate\":\"https:\\\/\\\/www.pepilloretsoprano.com\\\/?s={search_term_string}\"},\"query-input\":{\"@type\":\"PropertyValueSpecification\",\"valueRequired\":true,\"valueName\":\"search_term_string\"}}],\"inLanguage\":\"es\"},{\"@type\":\"Organization\",\"@id\":\"https:\\\/\\\/www.pepilloretsoprano.com\\\/#organization\",\"name\":\"Pepi Lloret Soprano\",\"url\":\"https:\\\/\\\/www.pepilloretsoprano.com\\\/\",\"logo\":{\"@type\":\"ImageObject\",\"inLanguage\":\"es\",\"@id\":\"https:\\\/\\\/www.pepilloretsoprano.com\\\/#\\\/schema\\\/logo\\\/image\\\/\",\"url\":\"https:\\\/\\\/www.pepilloretsoprano.com\\\/wp-content\\\/uploads\\\/2022\\\/07\\\/cropped-lgoo_Mesa-de-trabajo-1.png\",\"contentUrl\":\"https:\\\/\\\/www.pepilloretsoprano.com\\\/wp-content\\\/uploads\\\/2022\\\/07\\\/cropped-lgoo_Mesa-de-trabajo-1.png\",\"width\":1251,\"height\":417,\"caption\":\"Pepi Lloret Soprano\"},\"image\":{\"@id\":\"https:\\\/\\\/www.pepilloretsoprano.com\\\/#\\\/schema\\\/logo\\\/image\\\/\"}}]}<\/script>\n<!-- \/ Yoast SEO plugin. -->","yoast_head_json":{"title":"Noticias - Pepi Lloret Soprano","robots":{"index":"index","follow":"follow","max-snippet":"max-snippet:-1","max-image-preview":"max-image-preview:large","max-video-preview":"max-video-preview:-1"},"canonical":"https:\/\/www.pepilloretsoprano.com\/index.php\/noticias\/","og_locale":"es_ES","og_type":"article","og_title":"Noticias - Pepi Lloret Soprano","og_description":"Noticias","og_url":"https:\/\/www.pepilloretsoprano.com\/index.php\/noticias\/","og_site_name":"Pepi Lloret Soprano","article_modified_time":"2022-07-06T10:03:00+00:00","twitter_card":"summary_large_image","schema":{"@context":"https:\/\/schema.org","@graph":[{"@type":"WebPage","@id":"https:\/\/www.pepilloretsoprano.com\/index.php\/noticias\/","url":"https:\/\/www.pepilloretsoprano.com\/index.php\/noticias\/","name":"Noticias - Pepi Lloret Soprano","isPartOf":{"@id":"https:\/\/www.pepilloretsoprano.com\/#website"},"datePublished":"2022-07-04T08:28:59+00:00","dateModified":"2022-07-06T10:03:00+00:00","breadcrumb":{"@id":"https:\/\/www.pepilloretsoprano.com\/index.php\/noticias\/#breadcrumb"},"inLanguage":"es","potentialAction":[{"@type":"ReadAction","target":["https:\/\/www.pepilloretsoprano.com\/index.php\/noticias\/"]}]},{"@type":"BreadcrumbList","@id":"https:\/\/www.pepilloretsoprano.com\/index.php\/noticias\/#breadcrumb","itemListElement":[{"@type":"ListItem","position":1,"name":"Portada","item":"https:\/\/www.pepilloretsoprano.com\/"},{"@type":"ListItem","position":2,"name":"Noticias"}]},{"@type":"WebSite","@id":"https:\/\/www.pepilloretsoprano.com\/#website","url":"https:\/\/www.pepilloretsoprano.com\/","name":"Pepi Lloret Soprano","description":"Cantante Soprano","publisher":{"@id":"https:\/\/www.pepilloretsoprano.com\/#organization"},"potentialAction":[{"@type":"SearchAction","target":{"@type":"EntryPoint","urlTemplate":"https:\/\/www.pepilloretsoprano.com\/?s={search_term_string}"},"query-input":{"@type":"PropertyValueSpecification","valueRequired":true,"valueName":"search_term_string"}}],"inLanguage":"es"},{"@type":"Organization","@id":"https:\/\/www.pepilloretsoprano.com\/#organization","name":"Pepi Lloret Soprano","url":"https:\/\/www.pepilloretsoprano.com\/","logo":{"@type":"ImageObject","inLanguage":"es","@id":"https:\/\/www.pepilloretsoprano.com\/#\/schema\/logo\/image\/","url":"https:\/\/www.pepilloretsoprano.com\/wp-content\/uploads\/2022\/07\/cropped-lgoo_Mesa-de-trabajo-1.png","contentUrl":"https:\/\/www.pepilloretsoprano.com\/wp-content\/uploads\/2022\/07\/cropped-lgoo_Mesa-de-trabajo-1.png","width":1251,"height":417,"caption":"Pepi Lloret Soprano"},"image":{"@id":"https:\/\/www.pepilloretsoprano.com\/#\/schema\/logo\/image\/"}}]}},"_links":{"self":[{"href":"https:\/\/www.pepilloretsoprano.com\/index.php\/wp-json\/wp\/v2\/pages\/28","targetHints":{"allow":["GET"]}}],"collection":[{"href":"https:\/\/www.pepilloretsoprano.com\/index.php\/wp-json\/wp\/v2\/pages"}],"about":[{"href":"https:\/\/www.pepilloretsoprano.com\/index.php\/wp-json\/wp\/v2\/types\/page"}],"author":[{"embeddable":true,"href":"https:\/\/www.pepilloretsoprano.com\/index.php\/wp-json\/wp\/v2\/users\/1"}],"replies":[{"embeddable":true,"href":"https:\/\/www.pepilloretsoprano.com\/index.php\/wp-json\/wp\/v2\/comments?post=28"}],"version-history":[{"count":29,"href":"https:\/\/www.pepilloretsoprano.com\/index.php\/wp-json\/wp\/v2\/pages\/28\/revisions"}],"predecessor-version":[{"id":894,"href":"https:\/\/www.pepilloretsoprano.com\/index.php\/wp-json\/wp\/v2\/pages\/28\/revisions\/894"}],"wp:attachment":[{"href":"https:\/\/www.pepilloretsoprano.com\/index.php\/wp-json\/wp\/v2\/media?parent=28"}],"curies":[{"name":"wp","href":"https:\/\/api.w.org\/{rel}","templated":true}]}}